{"id":28,"date":"2013-10-14T14:33:14","date_gmt":"2013-10-14T13:33:14","guid":{"rendered":"http:\/\/mumiabujamal.com\/v2\/?page_id=28"},"modified":"2015-03-24T10:05:30","modified_gmt":"2015-03-24T09:05:30","slug":"preuves","status":"publish","type":"page","link":"https:\/\/mumiabujamal.com\/v2\/mumia\/preuves\/","title":{"rendered":"Preuves"},"content":{"rendered":"<h6>Lieu du crime<\/h6>\n<p><strong><\/strong>Dans un rapport m\u00e9dical r\u00e9alis\u00e9 quelques heures apr\u00e8s la fusillade, le Sergent Westermann a d\u00e9clar\u00e9 que M. Jamal avait \u00e9t\u00e9 abattu par \u00ab\u00a0des renforts de police arrivant sur les lieux \u00ab\u00a0.<br \/>\n&#8211; les lieux du crime n&rsquo;avaient pas \u00e9t\u00e9 d\u00e9limit\u00e9s et s\u00e9curis\u00e9s par la police, fait extr\u00eamement inhabituel dans une affaire de meurtre<br \/>\n&#8211; la police a effectu\u00e9 des d\u00e9clarations contradictoires (selon les enregistrements radio)<\/p>\n<p><span style=\"line-height: 1.5;\">En l&rsquo;espace de 15 minutes, la police a d\u00e9clar\u00e9 :\u00a0<\/span><br \/>\n&#8211; que M. Jamal, D. Faulkner et leurs armes \u00e9taient sur les lieux du crime ;<br \/>\n&#8211; que les officiers avaient trouv\u00e9, 14 minutes plus tard, un suspect et une arme<br \/>\n&#8211; qu&rsquo; un ou des suspects s&rsquo;\u00e9taient enfuis avec l&rsquo;arme de Faulkner.<\/p>\n<p><span style=\"line-height: 1.5;\">De plus, l&rsquo;officier Forbes indique dans son rapport avoir trouv\u00e9 deux armes sur le trottoir lors de son arriv\u00e9e, ce qui est contredit par son co\u00e9quipier Shoemaker qui d\u00e9clare ne l&rsquo;avoir vu ramasser aucune arme et n&rsquo;a vu qu&rsquo;une seule arme sur le trottoir.<\/span><\/p>\n<p>Un t\u00e9moin, A. Magilton a indiqu\u00e9 \u00e0 la police que les officiers sur les lieux cherchaient une arme. Dessie Hightower, t\u00e9moin oculaire, a d\u00e9clar\u00e9 que l&rsquo;arme de D. Faulkner \u00e9tait toujours dans son \u00e9tui lorsqu&rsquo;on a emmen\u00e9 son corps.<\/p>\n<p><span style=\"line-height: 1.5;\">Contrairement \u00e0 la proc\u00e9dure polici\u00e8re usuelle qui pr\u00e9voit que les armes soient remises \u00e0 l&rsquo;unit\u00e9 d&rsquo;intervention mobile, Forbes n&rsquo;a remis les armes au laboratoire que 4 heures plus tard. Les d\u00e9clarations de Forbes et Shoemaker quant \u00e0 leur pr\u00e9sence et \u00e0 leurs actes sur les lieux du crime ont \u00e9t\u00e9 contredites par plusieurs autres policiers.<\/span><\/p>\n<h6>Balistique<\/h6>\n<p>Les indices mat\u00e9riels et l&rsquo;expertise balistique entrent en contradiction avec les \u00e9l\u00e9ments apport\u00e9s par l&rsquo;accusation. En effet, le r\u00e9cit de l&rsquo;accusation indique que M. Jamal aurait tir\u00e9 sur D. Faulkner \u00e0 bout portant dans le dos et qu&rsquo;ensuite, il aurait tir\u00e9 3 ou 4 balles de tr\u00e8s pr\u00e8s, dont une dans la t\u00eate du policier \u00e9tendu sur le dos.<\/p>\n<p><span style=\"line-height: 1.5;\">Selon l&rsquo;accusation D. Faulkner \u00e0 terre aurait tir\u00e9 sur M. Jamal. Ce sc\u00e9nario est contredit par les preuves mat\u00e9rielles et balistiques disponibles. Par exemple l&#8217;emplacement des balles et fragments retrouv\u00e9s sur les lieux, l&rsquo;absence d&rsquo;impacts sur le trottoir et m\u00eame l&#8217;emplacement des taches de sang r\u00e9futent cette hypoth\u00e8se.<\/span><\/p>\n<p><span style=\"line-height: 1.5;\">La pr\u00e9sence de la chemise de cuivre d&rsquo;une balle sur les lieux du crime ne correspond ni \u00e0 l&rsquo;arme de M. Jamal, ni \u00e0 celle de Faulkner, ce qui indique qu&rsquo;une autre arme a \u00e9t\u00e9 utilis\u00e9e. Forbes a t\u00e9moign\u00e9 au proc\u00e8s que les cartouches des balles de l&rsquo;arme de M. Jamal \u00e9taient diff\u00e9rentes de celles dont le rapport balistique fait \u00e9tat.<\/span><\/p>\n<p><span style=\"line-height: 1.5;\">L&#8217;emplacement d&rsquo;une balle dans le cadre de la porte du 1234 Locust Street ainsi que la description de cette balle sugg\u00e8rent qu&rsquo;une autre arme ait \u00e9t\u00e9 utilis\u00e9e. Cette balle aurait du subir les tests sanguins et ADN.<\/span><\/p>\n<p>La pr\u00e9sence de sang du groupe sanguin O sur les lieux du crime, selon le rapport de police scientifique est une nouvelle indication, car M. Jamal, W. Cook et D. Faulkner appartiennent tous trois au groupe sanguin A.<\/p>\n","protected":false},"excerpt":{"rendered":"<p>Lieu du crime Dans un rapport m\u00e9dical r\u00e9alis\u00e9 quelques heures apr\u00e8s la fusillade, le Sergent Westermann a d\u00e9clar\u00e9 que M. Jamal avait \u00e9t\u00e9 abattu par \u00ab\u00a0des renforts de police arrivant sur les lieux \u00ab\u00a0. &#8211; les lieux du crime n&rsquo;avaient pas \u00e9t\u00e9 d\u00e9limit\u00e9s et s\u00e9curis\u00e9s par la police, fait extr\u00eamement inhabituel dans une affaire de [&hellip;]<\/p>\n","protected":false},"author":1,"featured_media":0,"parent":4,"menu_order":4,"comment_status":"open","ping_status":"open","template":"","meta":{"spay_email":""},"jetpack_sharing_enabled":true,"jetpack_shortlink":"https:\/\/wp.me\/P42ugU-s","_links":{"self":[{"href":"https:\/\/mumiabujamal.com\/v2\/wp-json\/wp\/v2\/pages\/28"}],"collection":[{"href":"https:\/\/mumiabujamal.com\/v2\/wp-json\/wp\/v2\/pages"}],"about":[{"href":"https:\/\/mumiabujamal.com\/v2\/wp-json\/wp\/v2\/types\/page"}],"author":[{"embeddable":true,"href":"https:\/\/mumiabujamal.com\/v2\/wp-json\/wp\/v2\/users\/1"}],"replies":[{"embeddable":true,"href":"https:\/\/mumiabujamal.com\/v2\/wp-json\/wp\/v2\/comments?post=28"}],"version-history":[{"count":7,"href":"https:\/\/mumiabujamal.com\/v2\/wp-json\/wp\/v2\/pages\/28\/revisions"}],"predecessor-version":[{"id":1625,"href":"https:\/\/mumiabujamal.com\/v2\/wp-json\/wp\/v2\/pages\/28\/revisions\/1625"}],"up":[{"embeddable":true,"href":"https:\/\/mumiabujamal.com\/v2\/wp-json\/wp\/v2\/pages\/4"}],"wp:attachment":[{"href":"https:\/\/mumiabujamal.com\/v2\/wp-json\/wp\/v2\/media?parent=28"}],"curies":[{"name":"wp","href":"https:\/\/api.w.org\/{rel}","templated":true}]}}