{"id":30,"date":"2013-10-14T14:33:32","date_gmt":"2013-10-14T13:33:32","guid":{"rendered":"http:\/\/mumiabujamal.com\/v2\/?page_id=30"},"modified":"2021-10-11T21:03:59","modified_gmt":"2021-10-11T20:03:59","slug":"rapport-amnesty","status":"publish","type":"page","link":"https:\/\/mumiabujamal.com\/v2\/mumia\/rapport-amnesty\/","title":{"rendered":"Rapport Amnesty"},"content":{"rendered":"<h6>EN F\u00c9VRIER 2000 (PR\u00c8S DE 18 ANS AVEC LE PROC\u00c8S D&rsquo;ABU-JAMAL), AMNESTY INTERNATIONAL S&rsquo;EST PRONONC\u00c9 EN FAVEUR DE LA TENUE D&rsquo;UN NOUVEAU PROC\u00c8S POUR LE JOURNALISTE NOIR AM\u00c9RICAIN CONDAMN\u00c9 \u00c0 MORT<\/h6>\n<p>Sous le titre \u00ab\u00a0A Life in the Balance \u2013 The Case of Mumia Abu-Jamal(Une vie est en jeu \u2013 L\u2019affaire Mumia Abu-Jamal), Amnesty International a demand\u00e9 que Mumia Abu-Jamal soit rejug\u00e9 en raison de graves irr\u00e9gularit\u00e9s constat\u00e9es dans son proc\u00e8s.\u00ab\u00a0Dans cette affaire, il ne s\u2019agit pas uniquement de la vie d\u2019un homme. Il s\u2019agit de quelque chose qui nous concerne tous\u00a0: la justice. Et dans le cas pr\u00e9sent, on ne pourra parler de justice que s\u2019il y a un nouveau proc\u00e8s\u00a0\u00bb.<br \/>\n<a href=\"http:\/\/www.amnesty.org\/en\/library\/asset\/AMR51\/020\/2000\/en\/f2c5c58f-dfa8-11dd-86cb-8b2e02a92d82\/amr510202000fr.html\" target=\"_blank\" rel=\"noopener noreferrer\">&gt; Lire la suite<\/a><\/p>\n<p>&nbsp;<\/p>\n<h6>Le r\u00e9sum\u00e9 du rapport\u00a0traduit en fran\u00e7ais par Amnesty International<\/h6>\n<p><a href=\"https:\/\/mumiabujamal.com\/v2\/wp-content\/uploads\/2021\/10\/MUMIA-rapport-Amesty-International-USA-janvier-2000.pdf\" target=\"_blank\" rel=\"noopener noreferrer\">&gt; Lire\u00a0le r\u00e9sum\u00e9<\/a><\/p>\n","protected":false},"excerpt":{"rendered":"<p>EN F\u00c9VRIER 2000 (PR\u00c8S DE 18 ANS AVEC LE PROC\u00c8S D&rsquo;ABU-JAMAL), AMNESTY INTERNATIONAL S&rsquo;EST PRONONC\u00c9 EN FAVEUR DE LA TENUE D&rsquo;UN NOUVEAU PROC\u00c8S POUR LE JOURNALISTE NOIR AM\u00c9RICAIN CONDAMN\u00c9 \u00c0 MORT Sous le titre \u00ab\u00a0A Life in the Balance \u2013 The Case of Mumia Abu-Jamal(Une vie est en jeu \u2013 L\u2019affaire Mumia Abu-Jamal), Amnesty International [&hellip;]<\/p>\n","protected":false},"author":1,"featured_media":0,"parent":4,"menu_order":5,"comment_status":"open","ping_status":"open","template":"","meta":{"spay_email":""},"jetpack_sharing_enabled":true,"jetpack_shortlink":"https:\/\/wp.me\/P42ugU-u","_links":{"self":[{"href":"https:\/\/mumiabujamal.com\/v2\/wp-json\/wp\/v2\/pages\/30"}],"collection":[{"href":"https:\/\/mumiabujamal.com\/v2\/wp-json\/wp\/v2\/pages"}],"about":[{"href":"https:\/\/mumiabujamal.com\/v2\/wp-json\/wp\/v2\/types\/page"}],"author":[{"embeddable":true,"href":"https:\/\/mumiabujamal.com\/v2\/wp-json\/wp\/v2\/users\/1"}],"replies":[{"embeddable":true,"href":"https:\/\/mumiabujamal.com\/v2\/wp-json\/wp\/v2\/comments?post=30"}],"version-history":[{"count":6,"href":"https:\/\/mumiabujamal.com\/v2\/wp-json\/wp\/v2\/pages\/30\/revisions"}],"predecessor-version":[{"id":4460,"href":"https:\/\/mumiabujamal.com\/v2\/wp-json\/wp\/v2\/pages\/30\/revisions\/4460"}],"up":[{"embeddable":true,"href":"https:\/\/mumiabujamal.com\/v2\/wp-json\/wp\/v2\/pages\/4"}],"wp:attachment":[{"href":"https:\/\/mumiabujamal.com\/v2\/wp-json\/wp\/v2\/media?parent=30"}],"curies":[{"name":"wp","href":"https:\/\/api.w.org\/{rel}","templated":true}]}}